{"id":626,"date":"2025-11-21T10:33:51","date_gmt":"2025-11-21T10:33:51","guid":{"rendered":"https:\/\/revelia-evolution.fr\/index.php\/nos-seances-collectives\/"},"modified":"2025-11-27T16:57:03","modified_gmt":"2025-11-27T16:57:03","slug":"nos-seances-collectives","status":"publish","type":"page","link":"https:\/\/revelia-evolution.fr\/index.php\/nos-seances-collectives\/","title":{"rendered":"Nos s\u00e9ances collectives"},"content":{"rendered":"\n\n\n<div class=\"wp-block-columns is-layout-flex wp-container-core-columns-is-layout-28f84493 wp-block-columns-is-layout-flex\">\n<div class=\"wp-block-column is-layout-flow wp-block-column-is-layout-flow\" style=\"flex-basis:100%\"><\/div>\n<\/div>\n\n\n\n<p>  <br><br><br><\/p>\n\n\n\n<h3 class=\"wp-block-heading has-text-align-left has-text-color has-link-color wp-elements-2a4feacd9402a767d0a0fd16e3ebf652\" style=\"color:#e82850\"><strong>Des ateliers collectifs<\/strong><\/h3>\n\n\n\n<p class=\"has-text-align-left has-text-color has-link-color wp-elements-371ba8cda93423edcb387b86108df20d\" style=\"color:#5a3c96\">Dans un cadre <strong>convivial<\/strong>, chaque atelier devient un espace d\u2019\u00e9changes authentiques, o\u00f9 l\u2019on apprend autant de soi que des autres.<br><br>Ces moments privil\u00e9gi\u00e9s favorisent la <strong>mise en lien<\/strong>, l\u2019entraide et la cr\u00e9ation d\u2019un v\u00e9ritable r\u00e9seau de soutien \u2014 un cercle o\u00f9 l\u2019on se sent comprise, encourag\u00e9e et port\u00e9e.<br><br><br><strong><mark style=\"background-color:rgba(0, 0, 0, 0);color:#e82850\" class=\"has-inline-color\">Nos th\u00e9matiques actuelles :<\/mark><\/strong><br><br><strong>\u2022 Pr\u00e9paration \u00e0 l\u2019entretien d\u2019embauche<\/strong> : d\u00e9velopper une posture affirm\u00e9e, apprendre \u00e0 valoriser son parcours et \u00e9changer des retours concrets.<br><br><strong>\u2022 Confiance en soi et l\u00e9gitimit\u00e9<\/strong> : identifier ses forces, partager ses doutes, s\u2019inspirer des victoires des autres.<br><br><strong>\u2022 D\u00e9velopper<\/strong> <strong>son r\u00e9seau<\/strong> : rencontrer d\u2019autres femmes, \u00e9changer, partager son parcours, poser des questions, obtenir des conseils\u2026 et parfois ouvrir la porte \u00e0 de nouvelles opportunit\u00e9s. Dans un cadre convivial.<br><br><strong>\u2022 Gestion<\/strong> <strong>des \u00e9motions<\/strong> : comprendre, accueillir et utiliser ses \u00e9motions gr\u00e2ce \u00e0 des exercices partag\u00e9s et des retours collectifs.<br><br><strong>\u2022 VSS<\/strong> (<strong>violences sexistes et sexuelles)<\/strong> : un espace s\u00e9curis\u00e9, respectueux et solidaire pour s\u2019informer et se soutenir.<br><br><strong>\u2022 Vie<\/strong> <strong>\u00e9panouie &amp; alimentation<\/strong> : aborder le bien-\u00eatre dans tout ce qu\u2019il a de r\u00e9aliste, de joyeux et d\u2019\u00e9panouissant en partageant astuces et exp\u00e9riences.<br><br><strong>\u2022 Ateliers<\/strong> <strong>d\u2019\u00e9criture<\/strong> : lib\u00e9rer sa cr\u00e9ativit\u00e9, mettre des mots sur son histoire et les partager si on le souhaite.<br><br><strong>\u2022 Vision<\/strong> <strong>board<\/strong> : construire ensemble un tableau d\u2019inspiration, un moment cr\u00e9atif et f\u00e9d\u00e9rateur qui ouvre le champ des possibles.<br><br>Ces ateliers \u00e9voluent r\u00e9guli\u00e8rement en fonction des envies et des besoins des participantes : <strong>de nouvelles th\u00e9matiques verront le jour<\/strong> pour continuer \u00e0 nourrir votre \u00e9lan.<\/p>\n\n\n\n<p class=\"has-text-align-left has-text-color has-link-color wp-elements-285eb36d3b33897714ae6cd46907c4ab\" style=\"color:#5a3c96\"><br><br><\/p>\n\n\n\n<p class=\"has-text-align-left has-text-color has-link-color wp-elements-47ef25c57bb1f0c45f4c2167192ec0fb\" style=\"color:#5a3c96\"><\/p>\n\n\n\n<ul class=\"wp-block-list\"><\/ul>\n\n\n\n<h3 class=\"wp-block-heading has-text-align-left has-text-color has-link-color wp-elements-a80b1bcd53361fbcc6aa410aa2575553\" style=\"color:#e82850\"><font style=\"vertical-align: inherit;\"><font style=\"vertical-align: inherit;\"><strong><strong>Nos soir\u00e9es \u00ab\u00a0Femmes ensemble\u00a0\u00bb<\/strong><\/strong><\/font><\/font><\/h3>\n\n\n\n<p class=\"has-text-align-left has-text-color has-link-color wp-elements-648e3edd90b238f642c8ae40aed90c6e\" style=\"color:#5a3c96\"><strong><mark style=\"background-color:rgba(0, 0, 0, 0);color:#e82850\" class=\"has-inline-color\">Qu&rsquo;est-ce que c&rsquo;est ?<\/mark><\/strong><br><br>Ce sont des moments o\u00f9 l&rsquo;on se rencontre, <strong>en toute simplicit\u00e9<\/strong>. C&rsquo;est vraiment \u00e7a l&rsquo;id\u00e9e : vous offrir un espace pour rencontrer d&rsquo;autres femmes et vous permettre d&rsquo;\u00e9toffer ou de vous <strong>cr\u00e9er un r\u00e9seau pro<\/strong>, le temps d&rsquo;un moment de <strong>convivialit\u00e9<\/strong>. Ce n&rsquo;est donc pas un atelier collectif. La seule chose \u00e0 faire dans ces soir\u00e9es : \u00eatre pr\u00e9sente !<br><br><strong><mark style=\"background-color:rgba(0, 0, 0, 0);color:#e82850\" class=\"has-inline-color\">Pourquoi des soir\u00e9es \u00ab\u00a0Femmes ensemble\u00a0\u00bb ?<\/mark><\/strong><br><br>Pour tisser des <strong>liens <\/strong>;<br>Pour se cr\u00e9er un cercle de connaissances ;<br>Pour <strong>partager <\/strong>des exp\u00e9riences et des bonnes pratiques ;<br>Pour se donner un <strong>coup de main<\/strong> si on peut ;<br>Pour <strong>ne plus \u00eatre seule<\/strong> dans ses r\u00e9flexions et questionnements ;<br>Pour rencontrer d&rsquo;autres femmes, o\u00f9 <strong>chacune a un parcours unique<\/strong> et forc\u00e9ment riche de quelque chose ;<br>Et pour passer <strong>de bons moments ensemble<\/strong>, dans un espace favorisant <strong>le respect de chacune<\/strong>.<br><br>On a h\u00e2te de vous y voir !<br><\/p>\n\n\n\n<p class=\"has-text-align-left\"><\/p>\n\n\n\n<blockquote class=\"wp-block-quote is-layout-flow wp-block-quote-is-layout-flow\"><\/blockquote>\n\n\n\n<h3 class=\"wp-block-heading has-text-align-left has-text-color has-link-color wp-elements-f61ff8a0bc29d8098decac90d25960ba\" style=\"color:#5a3c96\"><strong><br><font style=\"vertical-align: inherit;\"><font style=\"vertical-align: inherit;\">Et si&#8230; ?<\/font><\/font><\/strong><\/h3>\n\n\n\n<p class=\"has-text-align-left has-text-color has-link-color wp-elements-951b513e08152e7ec4d6c16cacd7977a\" style=\"color:#5a3c96\">\u2022 J\u2019ai encore des questions,<br>\u2022 Ou j\u2019ai envie d\u2019en savoir plus sur le bilan de comp\u00e9tences,<br>\u2022 Ou c\u2019est bon, c\u2019est d\u00e9cid\u00e9, je me lance !<br><br><\/p>\n\n\n\n<ul style=\"color:#5a3c96\" class=\"wp-block-list has-text-color has-link-color wp-elements-3061338f7860ee4d66bc0b13450cfe23\"><\/ul>\n\n\n\n<ul class=\"wp-block-list\"><\/ul>\n\n\n\n<h3 class=\"wp-block-heading has-text-align-left has-text-color has-link-color wp-elements-7e71726f079ca77c53815ac70c54bf97\" style=\"color:#5a3c96\"><font style=\"vertical-align: inherit;\"><font style=\"vertical-align: inherit;\"><strong>Que faire ?<\/strong><\/font><\/font><\/h3>\n\n\n\n<p class=\"has-text-align-left has-text-color has-link-color wp-elements-4f4661829e5e69e7f80b789af84dddd9\" style=\"color:#5a3c96\"><font style=\"vertical-align: inherit;\"><font style=\"vertical-align: inherit;\">C&rsquo;est tr\u00e8s simple ! Il suffit de <a href=\"https:\/\/revelia-evolution.fr\/#contact\" data-type=\"link\" data-id=\"https:\/\/revelia-evolution.fr\/#contact\"><strong><font style=\"vertical-align: inherit;\"><font style=\"vertical-align: inherit;\">prendre<\/font><\/font> contact avec nous<\/strong><\/a><\/font><\/font><a href=\"https:\/\/revelia-evolution.fr\/#contact\"><font style=\"vertical-align: inherit;\"><font style=\"vertical-align: inherit;\"> <\/font><\/font><\/a><font style=\"vertical-align: inherit;\"><font style=\"vertical-align: inherit;\">par t\u00e9l\u00e9phone ou par mail. Cet appel est totalement gratuit et sans engagement.<\/font><\/font><\/p>\n\n\n\n<p class=\"has-text-align-left has-text-color has-link-color wp-elements-97ea5dbf31b2ad09df238c3b30485b5f\" style=\"color:#5a3c96\"><strong>L\u2019objectif de ce premier contact&nbsp;: vous \u00e9couter, comprendre vos besoins et r\u00e9pondre \u00e0 toutes vos questions.<\/strong><\/p>\n\n\n","protected":false},"excerpt":{"rendered":"<p>Des ateliers collectifs Dans un cadre convivial, chaque atelier devient un espace d\u2019\u00e9changes authentiques, o\u00f9 l\u2019on apprend autant de soi que des autres. Ces moments privil\u00e9gi\u00e9s favorisent la mise en lien, l\u2019entraide et la cr\u00e9ation d\u2019un v\u00e9ritable r\u00e9seau de soutien \u2014 un cercle o\u00f9 l\u2019on se sent comprise, encourag\u00e9e et port\u00e9e. Nos th\u00e9matiques actuelles : [&hellip;]<\/p>\n","protected":false},"author":1,"featured_media":0,"parent":0,"menu_order":0,"comment_status":"closed","ping_status":"closed","template":"","meta":{"saved_in_kubio":true,"footnotes":""},"class_list":["post-626","page","type-page","status-publish","hentry"],"kubio_ai_page_context":{"short_desc":"","purpose":"general"},"_links":{"self":[{"href":"https:\/\/revelia-evolution.fr\/index.php\/wp-json\/wp\/v2\/pages\/626","targetHints":{"allow":["GET"]}}],"collection":[{"href":"https:\/\/revelia-evolution.fr\/index.php\/wp-json\/wp\/v2\/pages"}],"about":[{"href":"https:\/\/revelia-evolution.fr\/index.php\/wp-json\/wp\/v2\/types\/page"}],"author":[{"embeddable":true,"href":"https:\/\/revelia-evolution.fr\/index.php\/wp-json\/wp\/v2\/users\/1"}],"replies":[{"embeddable":true,"href":"https:\/\/revelia-evolution.fr\/index.php\/wp-json\/wp\/v2\/comments?post=626"}],"version-history":[{"count":6,"href":"https:\/\/revelia-evolution.fr\/index.php\/wp-json\/wp\/v2\/pages\/626\/revisions"}],"predecessor-version":[{"id":710,"href":"https:\/\/revelia-evolution.fr\/index.php\/wp-json\/wp\/v2\/pages\/626\/revisions\/710"}],"wp:attachment":[{"href":"https:\/\/revelia-evolution.fr\/index.php\/wp-json\/wp\/v2\/media?parent=626"}],"curies":[{"name":"wp","href":"https:\/\/api.w.org\/{rel}","templated":true}]}}