{"id":595,"date":"2025-11-20T13:39:35","date_gmt":"2025-11-20T13:39:35","guid":{"rendered":"https:\/\/revelia-evolution.fr\/index.php\/faq\/"},"modified":"2026-03-13T16:34:51","modified_gmt":"2026-03-13T16:34:51","slug":"faq","status":"publish","type":"page","link":"https:\/\/revelia-evolution.fr\/index.php\/faq\/","title":{"rendered":"FAQ"},"content":{"rendered":"\n\n\n\n\n<figure class=\"wp-block-gallery has-nested-images columns-default is-cropped wp-block-gallery-1 is-layout-flex wp-block-gallery-is-layout-flex\">\n<figure class=\"wp-block-image size-large\"><img loading=\"lazy\" decoding=\"async\" width=\"1024\" height=\"170\" data-id=\"774\" src=\"https:\/\/revelia-evolution.fr\/wp-content\/uploads\/2026\/03\/rendez-vous-1024x170.png\" alt=\"\" class=\"wp-image-774\" srcset=\"https:\/\/revelia-evolution.fr\/wp-content\/uploads\/2026\/03\/rendez-vous-1024x170.png 1024w, https:\/\/revelia-evolution.fr\/wp-content\/uploads\/2026\/03\/rendez-vous-300x50.png 300w, https:\/\/revelia-evolution.fr\/wp-content\/uploads\/2026\/03\/rendez-vous-768x128.png 768w, https:\/\/revelia-evolution.fr\/wp-content\/uploads\/2026\/03\/rendez-vous-1536x255.png 1536w, https:\/\/revelia-evolution.fr\/wp-content\/uploads\/2026\/03\/rendez-vous-2048x340.png 2048w, https:\/\/revelia-evolution.fr\/wp-content\/uploads\/2026\/03\/rendez-vous-1920x319.png 1920w\" sizes=\"(max-width: 1024px) 100vw, 1024px\" \/><\/figure>\n<\/figure>\n\n\n\n<h3 class=\"wp-block-heading has-text-align-left has-text-color has-link-color wp-elements-c4b65d8e2bc21d1e6699334503ac5adf\" style=\"color:#5a3c96\"><br><br><strong><font style=\"vertical-align: inherit;\"><font style=\"vertical-align: inherit;\">Et si&#8230; ?<\/font><\/font><\/strong><\/h3>\n\n\n\n<p class=\"has-text-align-left has-text-color has-link-color wp-elements-951b513e08152e7ec4d6c16cacd7977a\" style=\"color:#5a3c96\">\u2022 J\u2019ai encore des questions,<br>\u2022 Ou j\u2019ai envie d\u2019en savoir plus sur le bilan de comp\u00e9tences,<br>\u2022 Ou c\u2019est bon, c\u2019est d\u00e9cid\u00e9, je me lance !<br><br><\/p>\n\n\n\n<h3 class=\"wp-block-heading has-text-align-left has-text-color has-link-color wp-elements-7e71726f079ca77c53815ac70c54bf97\" style=\"color:#5a3c96\"><font style=\"vertical-align: inherit;\"><font style=\"vertical-align: inherit;\"><strong>Que faire ?<\/strong><\/font><\/font><\/h3>\n\n\n\n<p class=\"has-text-align-left has-text-color has-link-color wp-elements-041191bab151914d9726dd333bbe322c\" style=\"color:#5a3c96\">C&rsquo;est tr\u00e8s simple ! Il suffit de <a href=\"https:\/\/revelia-evolution.fr\/#contact\" data-type=\"link\" data-id=\"https:\/\/revelia-evolution.fr\/#contact\">prendre contact avec nous<\/a><a href=\"https:\/\/revelia-evolution.fr\/#contact\"><font style=\"vertical-align: inherit;\"><font style=\"vertical-align: inherit;\"> <\/font><\/font><\/a><font style=\"vertical-align: inherit;\"><font style=\"vertical-align: inherit;\">par t\u00e9l\u00e9phone ou par mail. Cet appel est totalement gratuit et sans engagement.<\/font><\/font><\/p>\n\n\n\n<p class=\"has-text-align-left has-text-color has-link-color wp-elements-97ea5dbf31b2ad09df238c3b30485b5f\" style=\"color:#5a3c96\"><strong>L\u2019objectif de ce premier contact&nbsp;: vous \u00e9couter, comprendre vos besoins et r\u00e9pondre \u00e0 toutes vos questions.<\/strong><\/p>\n\n\n","protected":false},"excerpt":{"rendered":"<p>Et si&#8230; ? \u2022 J\u2019ai encore des questions,\u2022 Ou j\u2019ai envie d\u2019en savoir plus sur le bilan de comp\u00e9tences,\u2022 Ou c\u2019est bon, c\u2019est d\u00e9cid\u00e9, je me lance ! Que faire ? C&rsquo;est tr\u00e8s simple ! Il suffit de prendre contact avec nous par t\u00e9l\u00e9phone ou par mail. Cet appel est totalement gratuit et sans engagement. [&hellip;]<\/p>\n","protected":false},"author":1,"featured_media":0,"parent":0,"menu_order":0,"comment_status":"closed","ping_status":"closed","template":"","meta":{"saved_in_kubio":true,"footnotes":""},"class_list":["post-595","page","type-page","status-publish","hentry"],"kubio_ai_page_context":{"short_desc":"","purpose":"general"},"_links":{"self":[{"href":"https:\/\/revelia-evolution.fr\/index.php\/wp-json\/wp\/v2\/pages\/595","targetHints":{"allow":["GET"]}}],"collection":[{"href":"https:\/\/revelia-evolution.fr\/index.php\/wp-json\/wp\/v2\/pages"}],"about":[{"href":"https:\/\/revelia-evolution.fr\/index.php\/wp-json\/wp\/v2\/types\/page"}],"author":[{"embeddable":true,"href":"https:\/\/revelia-evolution.fr\/index.php\/wp-json\/wp\/v2\/users\/1"}],"replies":[{"embeddable":true,"href":"https:\/\/revelia-evolution.fr\/index.php\/wp-json\/wp\/v2\/comments?post=595"}],"version-history":[{"count":21,"href":"https:\/\/revelia-evolution.fr\/index.php\/wp-json\/wp\/v2\/pages\/595\/revisions"}],"predecessor-version":[{"id":787,"href":"https:\/\/revelia-evolution.fr\/index.php\/wp-json\/wp\/v2\/pages\/595\/revisions\/787"}],"wp:attachment":[{"href":"https:\/\/revelia-evolution.fr\/index.php\/wp-json\/wp\/v2\/media?parent=595"}],"curies":[{"name":"wp","href":"https:\/\/api.w.org\/{rel}","templated":true}]}}