{"id":508,"date":"2025-11-14T15:33:59","date_gmt":"2025-11-14T15:33:59","guid":{"rendered":"https:\/\/revelia-evolution.fr\/index.php\/qui-sommes-nous\/"},"modified":"2025-11-27T15:34:21","modified_gmt":"2025-11-27T15:34:21","slug":"qui-sommes-nous","status":"publish","type":"page","link":"https:\/\/revelia-evolution.fr\/index.php\/qui-sommes-nous\/","title":{"rendered":"Qui sommes-nous ?"},"content":{"rendered":"\n\n\n<h3 class=\"wp-block-heading has-text-align-left has-text-color has-link-color wp-elements-54b78cad22ea69cf4ed18aa93326396b\" style=\"color:#e82850\"><strong><br><br>Ensemble<\/strong><\/h3>\n\n\n\n<p class=\"has-text-align-left has-text-color has-link-color wp-elements-0d0699a1731e396f3b3c194aaaf5a50e\" style=\"color:#5a3c96\">Nous avons mis en commun <strong>nos domaines d\u2019expertises\u00a0:<\/strong><br><br>\u2022 la relation d&rsquo;accompagnement<br><br>\u2022 les ressources humaines<br><br>\u2022 la p\u00e9dagogie<br><br>\u2022 le management<br><br><br>Nous sommes \u00e9galement <strong>form\u00e9es\u00a0<\/strong>:<br><br>\u2022 \u00e0 l\u2019ADVP (Activation du D\u00e9veloppement Vocationnel et Personnel) et la d\u00e9marche \u00e9ducative en orientation<br><br>\u2022 \u00e0 la prise en compte des VSS (Violences Sexistes et Sexuelles)<br><br>\u2022 \u00e0 la r\u00e9gulation de conflits<br><br>\u2022 aux m\u00e9thodes d&rsquo;Education Populaire<br><br><br>Ensemble, nous avons cr\u00e9e <strong>Revelia Evolution.<\/strong><br><br><br><\/p>\n\n\n\n<p class=\"has-text-align-left has-text-color has-link-color wp-elements-47ef25c57bb1f0c45f4c2167192ec0fb\" style=\"color:#5a3c96\"><\/p>\n\n\n\n<p class=\"has-text-align-left has-text-color has-link-color wp-elements-47ef25c57bb1f0c45f4c2167192ec0fb\" style=\"color:#5a3c96\"><\/p>\n\n\n\n<h3 class=\"wp-block-heading has-text-align-left has-text-color has-link-color wp-elements-8c2265694e87413ca6953630a372f20c\" style=\"color:#e82850\"><strong>Avec vous<\/strong><\/h3>\n\n\n\n<p class=\"has-text-align-left has-text-color has-link-color wp-elements-fb475d9af6953eccab5783e684bbb888\" style=\"color:#5a3c96\">Nous vous proposons une fa\u00e7on unique de r\u00e9aliser <a href=\"https:\/\/revelia-evolution.fr\/index.php\/pourquoi-un-bilan\/\">votre bilan de comp\u00e9tences<\/a>.<br>Bien \u00e9videmment, il y a le c\u0153ur du bilan de comp\u00e9tences&nbsp;:<strong> les s\u00e9ances individuelles et sur-mesure<\/strong>, pour vous accompagner au plus pr\u00e8s de vos besoins, de vos demandes, de vos aspirations. Dans un cadre s\u00e9curisant, d&rsquo;\u00e9coute, de non-jugement, de confidentialit\u00e9. Avec des outils adapt\u00e9s et une lecture approfondie de vos besoins, attentes, aspirations. Nous vous aidons \u00e0 mettre en lumi\u00e8re votre nouveau projet pro ou vos pistes de projet.<br><br>Nous avons d\u00e9cid\u00e9 de vous proposer aussi des <strong>moments collectifs<\/strong>. C\u2019est pourquoi nous avons con\u00e7u des <strong>ateliers th\u00e9matiques<\/strong>, fruits de nos r\u00e9flexions, exp\u00e9riences et formations, pour vous permettre de vous d\u00e9couvrir autrement et de rencontrer d\u2019autres femmes, qui elles aussi se questionnent, r\u00e9fl\u00e9chissent et veulent agir sur leur propre vie. <br><br>Et parce qu\u2019on est convaincues que des <strong>moments de joie, de liens<\/strong>, sont indispensables pour se sentir bien, pour se sentir entour\u00e9e, nous vous concoctons des <strong>soir\u00e9es \u00ab&nbsp;Femmes ensemble&nbsp;\u00bb<\/strong>, des moments de rencontres et de convivialit\u00e9 o\u00f9 l&rsquo;<strong>on d\u00e9veloppe son r\u00e9seau,<\/strong> quel que soit son projet pro.<\/p>\n\n\n\n<p class=\"has-text-align-left has-text-color has-link-color wp-elements-7763a8807ec57019c8cd07c03832eecb\" style=\"color:#5a3c96\"><\/p>\n\n\n\n<p class=\"has-text-align-left has-text-color has-link-color wp-elements-47ef25c57bb1f0c45f4c2167192ec0fb\" style=\"color:#5a3c96\"><\/p>\n\n\n\n<p class=\"has-text-align-left has-text-color has-link-color wp-elements-47ef25c57bb1f0c45f4c2167192ec0fb\" style=\"color:#5a3c96\"><\/p>\n\n\n\n<h3 class=\"wp-block-heading has-text-align-left has-text-color has-link-color wp-elements-0c8244e6da35c29562be33c436409313\" style=\"color:#5a3c96\"><strong><br><\/strong><br><strong><font style=\"vertical-align: inherit;\"><font style=\"vertical-align: inherit;\">Et si&#8230; ?<\/font><\/font><\/strong><\/h3>\n\n\n\n<p class=\"has-text-align-left has-text-color has-link-color wp-elements-312712fae244e5e1e26994dd7f4f6c12\" style=\"color:#5a3c96\">\u2022 J\u2019ai encore des questions,<br>\u2022 Ou j\u2019ai envie d\u2019en savoir plus sur le bilan de comp\u00e9tences,<br>\u2022 Ou c\u2019est bon, c\u2019est d\u00e9cid\u00e9, je me lance !<br><br><br><\/p>\n\n\n\n<ul style=\"color:#5a3c96\" class=\"wp-block-list has-text-color has-link-color wp-elements-3061338f7860ee4d66bc0b13450cfe23\"><\/ul>\n\n\n\n<h3 class=\"wp-block-heading has-text-align-left has-text-color has-link-color wp-elements-7e71726f079ca77c53815ac70c54bf97\" style=\"color:#5a3c96\"><font style=\"vertical-align: inherit;\"><font style=\"vertical-align: inherit;\"><strong>Que faire ?<\/strong><\/font><\/font><\/h3>\n\n\n\n<p class=\"has-text-align-left has-text-color has-link-color wp-elements-041191bab151914d9726dd333bbe322c\" style=\"color:#5a3c96\">C&rsquo;est tr\u00e8s simple ! Il suffit de <a href=\"https:\/\/revelia-evolution.fr\/#contact\" data-type=\"link\" data-id=\"https:\/\/revelia-evolution.fr\/#contact\">prendre contact avec nous<\/a><a href=\"https:\/\/revelia-evolution.fr\/#contact\"><font style=\"vertical-align: inherit;\"><font style=\"vertical-align: inherit;\"> <\/font><\/font><\/a><font style=\"vertical-align: inherit;\"><font style=\"vertical-align: inherit;\">par t\u00e9l\u00e9phone ou par mail. Cet appel est totalement gratuit et sans engagement.<\/font><\/font><\/p>\n\n\n\n<p class=\"has-text-align-left has-text-color has-link-color wp-elements-97ea5dbf31b2ad09df238c3b30485b5f\" style=\"color:#5a3c96\"><strong>L\u2019objectif de ce premier contact&nbsp;: vous \u00e9couter, comprendre vos besoins et r\u00e9pondre \u00e0 toutes vos questions.<\/strong><\/p>\n\n\n","protected":false},"excerpt":{"rendered":"<p>Ensemble Nous avons mis en commun nos domaines d\u2019expertises\u00a0: \u2022 la relation d&rsquo;accompagnement \u2022 les ressources humaines \u2022 la p\u00e9dagogie \u2022 le management Nous sommes \u00e9galement form\u00e9es\u00a0: \u2022 \u00e0 l\u2019ADVP (Activation du D\u00e9veloppement Vocationnel et Personnel) et la d\u00e9marche \u00e9ducative en orientation \u2022 \u00e0 la prise en compte des VSS (Violences Sexistes et Sexuelles) \u2022 [&hellip;]<\/p>\n","protected":false},"author":1,"featured_media":0,"parent":0,"menu_order":0,"comment_status":"closed","ping_status":"closed","template":"","meta":{"saved_in_kubio":true,"footnotes":""},"class_list":["post-508","page","type-page","status-publish","hentry"],"kubio_ai_page_context":{"short_desc":"","purpose":"general"},"_links":{"self":[{"href":"https:\/\/revelia-evolution.fr\/index.php\/wp-json\/wp\/v2\/pages\/508","targetHints":{"allow":["GET"]}}],"collection":[{"href":"https:\/\/revelia-evolution.fr\/index.php\/wp-json\/wp\/v2\/pages"}],"about":[{"href":"https:\/\/revelia-evolution.fr\/index.php\/wp-json\/wp\/v2\/types\/page"}],"author":[{"embeddable":true,"href":"https:\/\/revelia-evolution.fr\/index.php\/wp-json\/wp\/v2\/users\/1"}],"replies":[{"embeddable":true,"href":"https:\/\/revelia-evolution.fr\/index.php\/wp-json\/wp\/v2\/comments?post=508"}],"version-history":[{"count":11,"href":"https:\/\/revelia-evolution.fr\/index.php\/wp-json\/wp\/v2\/pages\/508\/revisions"}],"predecessor-version":[{"id":707,"href":"https:\/\/revelia-evolution.fr\/index.php\/wp-json\/wp\/v2\/pages\/508\/revisions\/707"}],"wp:attachment":[{"href":"https:\/\/revelia-evolution.fr\/index.php\/wp-json\/wp\/v2\/media?parent=508"}],"curies":[{"name":"wp","href":"https:\/\/api.w.org\/{rel}","templated":true}]}}