{"id":493,"date":"2025-11-14T07:40:46","date_gmt":"2025-11-14T07:40:46","guid":{"rendered":"https:\/\/revelia-evolution.fr\/index.php\/se-redecouvrir\/"},"modified":"2025-11-20T09:32:43","modified_gmt":"2025-11-20T09:32:43","slug":"se-redecouvrir","status":"publish","type":"page","link":"https:\/\/revelia-evolution.fr\/index.php\/se-redecouvrir\/","title":{"rendered":"se (re)d\u00e9couvrir"},"content":{"rendered":"\n\n\n<h3 class=\"wp-block-heading has-text-align-left has-text-color has-link-color wp-elements-f943ed420401176762d57c28e2738e1d\" style=\"color:#e82850\"><strong><br><br>Diff\u00e9rentes r\u00e9ponses possibles&nbsp;<\/strong><\/h3>\n\n\n\n<p class=\"has-text-align-left has-text-color has-link-color wp-elements-863a6bbc27cbd00a92bec3978b1dc2e9\" style=\"color:#5a3c96\"><strong>Pour y voir plus clair<\/strong><br><br>Pour prendre un temps autour de soi<br><br>Pour mieux se comprendre<br><br>Pour <strong>construire un nouveau projet<\/strong><br><br>Parce que c\u2019est le moment de m\u2019occuper de moi<br><br>Parce que <strong>ma situation ne me convient pas<\/strong><br><br>Parce que j\u2019ai besoin de changement dans mon environnement professionnel<br><br>J\u2019ai besoin de changement mais <strong>je ne sais pas vers o\u00f9 me diriger<\/strong><br><br>Parce que je ne sais m\u00eame pas ce que j\u2019aime, ce que je veux et que j\u2019ai besoin d\u2019aide<br><br>Parce que j\u2019ai besoin de savoir quels sont mes atouts<br><br>Parce que je veux arr\u00eater de me sentir nulle<br><br>Parce que <strong>j\u2019ai besoin de me sentir capable<\/strong><br><br>Parce que j\u2019ai besoin de savoir ce que j\u2019aime<br><br>Au fond de moi, je sais ce que je voudrais faire mais je ne sais pas si j\u2019en ai vraiment envie, si j\u2019ai les comp\u00e9tences et si j\u2019ai<strong> la force de changer<\/strong><br><br><\/p>\n\n\n\n<p class=\"has-text-align-left has-text-color has-link-color wp-elements-47ef25c57bb1f0c45f4c2167192ec0fb\" style=\"color:#5a3c96\"><\/p>\n\n\n\n<p class=\"has-text-align-left has-text-color has-link-color wp-elements-47ef25c57bb1f0c45f4c2167192ec0fb\" style=\"color:#5a3c96\"><\/p>\n\n\n\n<h3 class=\"wp-block-heading has-text-align-left has-text-color has-link-color wp-elements-da7ad51d8263c3aa379f9ec432ce5fa1\" style=\"color:#e82850\"><br><strong>Voil\u00e0 de quoi j&rsquo;ai besoin<\/strong><\/h3>\n\n\n\n<p class=\"has-text-align-left has-text-color has-link-color wp-elements-ce537191e89786bc6df1b31bbd7c2538\" style=\"color:#5a3c96\"><strong>J\u2019ai besoin d\u2019une personne experte, qui m\u2019\u00e9coute, qui m\u2019entend<\/strong>, qui utilise ses outils d\u2019analyse pour m\u2019aider \u00e0 mieux me comprendre, qui conna\u00eet la r\u00e9alit\u00e9 du monde professionnel et celui de la formation et qui m\u2019aiderait \u00e0<strong> trouver une place adapt\u00e9e, qui me convient.<\/strong><br><br> J\u2019ai besoin d\u2019une personne experte qui sait mettre en \u00e9vidence mes freins, mes peurs, mes emb\u00fbcher mais surtout <strong>mes r\u00e9ussites, mes valeurs, mes motivations.<\/strong><\/p>\n\n\n\n<h3 class=\"wp-block-heading has-text-align-left has-text-color has-link-color wp-elements-e1c098c6d918273fdd6d2c1b71c57ffd\" style=\"color:#e82850\"><br><br><strong>\u00c7a, c&rsquo;est tout moi<\/strong><\/h3>\n\n\n\n<p class=\"has-text-align-left has-text-color has-link-color wp-elements-c864abd0d0ac7b12beace0a9acf20e28\" style=\"color:#5a3c96\">Vous vous reconnaissez dans ces exemples&nbsp;? C\u2019est peut-\u00eatre le bon moment pour vous de<strong> r\u00e9aliser un bilan de comp\u00e9tences. <br><\/strong><br>Pour d\u00e9couvrir de plus pr\u00e8s ce que nous pouvons vous apporter <strong>concr\u00e8tement chez Revelia Evolution<\/strong>, cet article pourrait vous int\u00e9resser&nbsp;: \u00ab&nbsp;<a href=\"https:\/\/revelia-evolution.fr\/index.php\/pourquoi-un-bilan\">Pourquoi un bilan&nbsp;?<\/a>&nbsp;\u00bb<\/p>\n\n\n\n<p class=\"has-text-align-left has-text-color has-link-color wp-elements-47ef25c57bb1f0c45f4c2167192ec0fb\" style=\"color:#5a3c96\"><\/p>\n\n\n\n<p class=\"has-text-align-left has-text-color has-link-color wp-elements-47ef25c57bb1f0c45f4c2167192ec0fb\" style=\"color:#5a3c96\"><\/p>\n\n\n\n<h3 class=\"wp-block-heading has-text-align-left has-text-color has-link-color wp-elements-0c8244e6da35c29562be33c436409313\" style=\"color:#5a3c96\"><strong><br><\/strong><br><strong><font style=\"vertical-align: inherit;\"><font style=\"vertical-align: inherit;\">Et si&#8230; ?<\/font><\/font><\/strong><\/h3>\n\n\n\n<p class=\"has-text-align-left has-text-color has-link-color wp-elements-8a3a34288e120200e6e785be0a779267\" style=\"color:#5a3c96\">\u2022 J\u2019ai encore des questions,<br>\u2022 Ou j\u2019ai envie d\u2019en savoir plus sur le bilan de comp\u00e9tences,<br>\u2022 Ou c\u2019est bon, c\u2019est d\u00e9cid\u00e9, je me lance !<br><\/p>\n\n\n\n<ul style=\"color:#5a3c96\" class=\"wp-block-list has-text-color has-link-color wp-elements-3061338f7860ee4d66bc0b13450cfe23\"><\/ul>\n\n\n\n<h3 class=\"wp-block-heading has-text-align-left has-text-color has-link-color wp-elements-7e71726f079ca77c53815ac70c54bf97\" style=\"color:#5a3c96\"><font style=\"vertical-align: inherit;\"><font style=\"vertical-align: inherit;\"><strong>Que faire ?<\/strong><\/font><\/font><\/h3>\n\n\n\n<p class=\"has-text-align-left has-text-color has-link-color wp-elements-041191bab151914d9726dd333bbe322c\" style=\"color:#5a3c96\">C&rsquo;est tr\u00e8s simple ! Il suffit de <a href=\"https:\/\/revelia-evolution.fr\/#contact\" data-type=\"link\" data-id=\"https:\/\/revelia-evolution.fr\/#contact\">prendre contact avec nous<\/a><a href=\"https:\/\/revelia-evolution.fr\/#contact\"><font style=\"vertical-align: inherit;\"><font style=\"vertical-align: inherit;\"> <\/font><\/font><\/a><font style=\"vertical-align: inherit;\"><font style=\"vertical-align: inherit;\">par t\u00e9l\u00e9phone ou par mail. Cet appel est totalement gratuit et sans engagement.<\/font><\/font><\/p>\n\n\n\n<p class=\"has-text-align-left has-text-color has-link-color wp-elements-97ea5dbf31b2ad09df238c3b30485b5f\" style=\"color:#5a3c96\"><strong>L\u2019objectif de ce premier contact&nbsp;: vous \u00e9couter, comprendre vos besoins et r\u00e9pondre \u00e0 toutes vos questions.<\/strong><\/p>\n\n\n","protected":false},"excerpt":{"rendered":"<p>Diff\u00e9rentes r\u00e9ponses possibles&nbsp; Pour y voir plus clair Pour prendre un temps autour de soi Pour mieux se comprendre Pour construire un nouveau projet Parce que c\u2019est le moment de m\u2019occuper de moi Parce que ma situation ne me convient pas Parce que j\u2019ai besoin de changement dans mon environnement professionnel J\u2019ai besoin de changement [&hellip;]<\/p>\n","protected":false},"author":1,"featured_media":0,"parent":0,"menu_order":0,"comment_status":"closed","ping_status":"closed","template":"","meta":{"saved_in_kubio":true,"footnotes":""},"class_list":["post-493","page","type-page","status-publish","hentry"],"kubio_ai_page_context":{"short_desc":"","purpose":"general"},"_links":{"self":[{"href":"https:\/\/revelia-evolution.fr\/index.php\/wp-json\/wp\/v2\/pages\/493","targetHints":{"allow":["GET"]}}],"collection":[{"href":"https:\/\/revelia-evolution.fr\/index.php\/wp-json\/wp\/v2\/pages"}],"about":[{"href":"https:\/\/revelia-evolution.fr\/index.php\/wp-json\/wp\/v2\/types\/page"}],"author":[{"embeddable":true,"href":"https:\/\/revelia-evolution.fr\/index.php\/wp-json\/wp\/v2\/users\/1"}],"replies":[{"embeddable":true,"href":"https:\/\/revelia-evolution.fr\/index.php\/wp-json\/wp\/v2\/comments?post=493"}],"version-history":[{"count":8,"href":"https:\/\/revelia-evolution.fr\/index.php\/wp-json\/wp\/v2\/pages\/493\/revisions"}],"predecessor-version":[{"id":570,"href":"https:\/\/revelia-evolution.fr\/index.php\/wp-json\/wp\/v2\/pages\/493\/revisions\/570"}],"wp:attachment":[{"href":"https:\/\/revelia-evolution.fr\/index.php\/wp-json\/wp\/v2\/media?parent=493"}],"curies":[{"name":"wp","href":"https:\/\/api.w.org\/{rel}","templated":true}]}}