{"id":479,"date":"2025-11-14T06:09:17","date_gmt":"2025-11-14T06:09:17","guid":{"rendered":"https:\/\/revelia-evolution.fr\/index.php\/focus-coups-durs\/"},"modified":"2025-11-20T09:33:01","modified_gmt":"2025-11-20T09:33:01","slug":"focus-coups-durs","status":"publish","type":"page","link":"https:\/\/revelia-evolution.fr\/index.php\/focus-coups-durs\/","title":{"rendered":"Focus \u00ab\u00a0Coups durs\u00a0\u00bb"},"content":{"rendered":"\n\n\n<h3 class=\"wp-block-heading has-text-align-left has-text-color has-link-color wp-elements-76420109a7af4502c82fc8f87f32a9cc\" style=\"color:#e82850\"><br><br><strong>De quels \u00ab\u00a0coups durs\u00a0\u00bb parle-t-on ?<\/strong><\/h3>\n\n\n\n<p class=\"has-text-align-left has-text-color has-link-color wp-elements-36783892db57a9b5da7c0ebb1c8481e6\" style=\"color:#5a3c96\">Lors d\u2019une <strong>s\u00e9paration <\/strong>ou d&rsquo;un divorce par exemple, c\u2019est encore tr\u00e8s souvent les femmes qui s\u2019occupent des enfants et de leur quotidien. M\u00eame dans le cas des gardes partag\u00e9es, elles s\u2019occupent tr\u00e8s majoritairement du suivi scolaire, de la prise de rendez-vous m\u00e9dicaux, du renouvellement des v\u00eatements, des r\u00e9unions et des \u00e9changes avec l\u2019\u00e9tablissement scolaire. La fameuse <strong>charge mentale.<\/strong><br><br>Lors d\u2019une s\u00e9paration encore, la question du <strong>relogement <\/strong>n\u2019est pas simple. Celle du moral non plus.<br><br>Et tout cela peut impacter la vie professionnelle des femmes. Evidemment.<br><br>Quand une femme est <strong>maltrait\u00e9e psychologiquement, physiquement, affectivement ou administrativement<\/strong>, dans quel \u00e9tat est son estime d\u2019elle-m\u00eame&nbsp;? Et sa confiance&nbsp;? Bien s\u00fbr que cela pourra avoir un impact sur ses choix de carri\u00e8re.<br><br>La <strong>maladie<\/strong>, quelle qu\u2019elle soit, physique ou psychique (<strong>burn out <\/strong>ou autre). Quand on traverse une telle \u00e9preuve, il n\u2019est pas rare de requestionner ses priorit\u00e9s dans sa vie. La question du sens du travail revient tr\u00e8s souvent. Apr\u00e8s ce que j\u2019ai travers\u00e9, est-ce que je me vois revenir dans ce job&nbsp;?<br><br>Quand on se retrouve <strong>sans emploi,<\/strong> que ce soit une p\u00e9riode \u00e0 France Travail ou au <strong>RSA<\/strong>, ce n\u2019est jamais une p\u00e9riode facile. On oublie trop souvent la honte, la g\u00eane, voire le mal-\u00eatre qui peut accompagner ces moments. On remarque que beaucoup de personnes ont tendance \u00e0 s\u2019isoler dans ces p\u00e9riodes sans travail, alors que c\u2019est justement l\u00e0 qu\u2019il faudrait <strong>\u00eatre entour\u00e9e, ne pas rester seule, pour pouvoir se sentir mieux et avancer vers un projet qui nous int\u00e9resse<\/strong>.<\/p>\n\n\n\n<p class=\"has-text-align-left has-text-color has-link-color wp-elements-47ef25c57bb1f0c45f4c2167192ec0fb\" style=\"color:#5a3c96\"><\/p>\n\n\n\n<p class=\"has-text-align-left has-text-color has-link-color wp-elements-47ef25c57bb1f0c45f4c2167192ec0fb\" style=\"color:#5a3c96\"><\/p>\n\n\n\n<h3 class=\"wp-block-heading has-text-align-left has-text-color has-link-color wp-elements-b27bd38fe8ab34e409e67a5f1a6ff743\" style=\"color:#e82850\"><br><font style=\"vertical-align: inherit;\"><font style=\"vertical-align: inherit;\"><strong>C&rsquo;est vous qui d\u00e9cidez<\/strong><\/font><\/font><\/h3>\n\n\n\n<p class=\"has-text-align-left has-text-color has-link-color wp-elements-0e4855c3aa255da5d5bd326e34bb193f\" style=\"color:#5a3c96\">Nous avons conscience que ces situations \u00ab&nbsp;Coups durs&nbsp;\u00bb peuvent avoir un impact sur les choix professionnels que l\u2019ont fait. <br><br>C\u2019est important de pouvoir en parler, si on le souhaite. Et seulement si vous le d\u00e9cidez.<strong> Cela reste votre choix entier et libre d&rsquo;en parler ou pas, <\/strong>et nous respectons les choix de chacune. Il est aussi essentiel de pr\u00e9ciser que notre travail se d\u00e9roule dans un <strong>cadre rigoureux de confidentialit\u00e9.<\/strong><br><br>Nos consultantes sont sensibilis\u00e9es \u00e0 ces th\u00e9matiques et vous accueillent l\u00e0 o\u00f9 vous en \u00eates, avec votre parcours et vos envies.<br><br><strong>Nous savons que ces \u00e9preuves sont tout \u00e0 fait normales dans une vie, nous en rencontrons toutes.<\/strong><\/p>\n\n\n\n<h3 class=\"wp-block-heading has-text-align-left has-text-color has-link-color wp-elements-0c8244e6da35c29562be33c436409313\" style=\"color:#5a3c96\"><strong><br><\/strong><br><strong><font style=\"vertical-align: inherit;\"><font style=\"vertical-align: inherit;\">Et si&#8230; ?<\/font><\/font><\/strong><\/h3>\n\n\n\n<p class=\"has-text-align-left has-text-color has-link-color wp-elements-312712fae244e5e1e26994dd7f4f6c12\" style=\"color:#5a3c96\">\u2022 J\u2019ai encore des questions,<br>\u2022 Ou j\u2019ai envie d\u2019en savoir plus sur le bilan de comp\u00e9tences,<br>\u2022 Ou c\u2019est bon, c\u2019est d\u00e9cid\u00e9, je me lance !<br><br><br><\/p>\n\n\n\n<ul style=\"color:#5a3c96\" class=\"wp-block-list has-text-color has-link-color wp-elements-3061338f7860ee4d66bc0b13450cfe23\"><\/ul>\n\n\n\n<h3 class=\"wp-block-heading has-text-align-left has-text-color has-link-color wp-elements-7e71726f079ca77c53815ac70c54bf97\" style=\"color:#5a3c96\"><font style=\"vertical-align: inherit;\"><font style=\"vertical-align: inherit;\"><strong>Que faire ?<\/strong><\/font><\/font><\/h3>\n\n\n\n<p class=\"has-text-align-left has-text-color has-link-color wp-elements-041191bab151914d9726dd333bbe322c\" style=\"color:#5a3c96\">C&rsquo;est tr\u00e8s simple ! Il suffit de <a href=\"https:\/\/revelia-evolution.fr\/#contact\" data-type=\"link\" data-id=\"https:\/\/revelia-evolution.fr\/#contact\">prendre contact avec nous<\/a><a href=\"https:\/\/revelia-evolution.fr\/#contact\"><font style=\"vertical-align: inherit;\"><font style=\"vertical-align: inherit;\"> <\/font><\/font><\/a><font style=\"vertical-align: inherit;\"><font style=\"vertical-align: inherit;\">par t\u00e9l\u00e9phone ou par mail. Cet appel est totalement gratuit et sans engagement.<\/font><\/font><\/p>\n\n\n\n<p class=\"has-text-align-left has-text-color has-link-color wp-elements-97ea5dbf31b2ad09df238c3b30485b5f\" style=\"color:#5a3c96\"><strong>L\u2019objectif de ce premier contact&nbsp;: vous \u00e9couter, comprendre vos besoins et r\u00e9pondre \u00e0 toutes vos questions.<\/strong><\/p>\n\n\n","protected":false},"excerpt":{"rendered":"<p>De quels \u00ab\u00a0coups durs\u00a0\u00bb parle-t-on ? Lors d\u2019une s\u00e9paration ou d&rsquo;un divorce par exemple, c\u2019est encore tr\u00e8s souvent les femmes qui s\u2019occupent des enfants et de leur quotidien. M\u00eame dans le cas des gardes partag\u00e9es, elles s\u2019occupent tr\u00e8s majoritairement du suivi scolaire, de la prise de rendez-vous m\u00e9dicaux, du renouvellement des v\u00eatements, des r\u00e9unions et [&hellip;]<\/p>\n","protected":false},"author":1,"featured_media":0,"parent":0,"menu_order":0,"comment_status":"closed","ping_status":"closed","template":"","meta":{"saved_in_kubio":true,"footnotes":""},"class_list":["post-479","page","type-page","status-publish","hentry"],"kubio_ai_page_context":{"short_desc":"","purpose":"general"},"_links":{"self":[{"href":"https:\/\/revelia-evolution.fr\/index.php\/wp-json\/wp\/v2\/pages\/479","targetHints":{"allow":["GET"]}}],"collection":[{"href":"https:\/\/revelia-evolution.fr\/index.php\/wp-json\/wp\/v2\/pages"}],"about":[{"href":"https:\/\/revelia-evolution.fr\/index.php\/wp-json\/wp\/v2\/types\/page"}],"author":[{"embeddable":true,"href":"https:\/\/revelia-evolution.fr\/index.php\/wp-json\/wp\/v2\/users\/1"}],"replies":[{"embeddable":true,"href":"https:\/\/revelia-evolution.fr\/index.php\/wp-json\/wp\/v2\/comments?post=479"}],"version-history":[{"count":8,"href":"https:\/\/revelia-evolution.fr\/index.php\/wp-json\/wp\/v2\/pages\/479\/revisions"}],"predecessor-version":[{"id":571,"href":"https:\/\/revelia-evolution.fr\/index.php\/wp-json\/wp\/v2\/pages\/479\/revisions\/571"}],"wp:attachment":[{"href":"https:\/\/revelia-evolution.fr\/index.php\/wp-json\/wp\/v2\/media?parent=479"}],"curies":[{"name":"wp","href":"https:\/\/api.w.org\/{rel}","templated":true}]}}