{"id":382,"date":"2025-11-12T14:01:48","date_gmt":"2025-11-12T14:01:48","guid":{"rendered":"https:\/\/revelia-evolution.fr\/index.php\/cout-et-financement\/"},"modified":"2026-03-13T15:52:30","modified_gmt":"2026-03-13T15:52:30","slug":"cout-et-financement","status":"publish","type":"page","link":"https:\/\/revelia-evolution.fr\/index.php\/cout-et-financement\/","title":{"rendered":"Co\u00fbt et financement"},"content":{"rendered":"\n\n\n<div class=\"wp-block-columns is-layout-flex wp-container-core-columns-is-layout-28f84493 wp-block-columns-is-layout-flex\">\n<div class=\"wp-block-column is-layout-flow wp-block-column-is-layout-flow\" style=\"flex-basis:100%\"><\/div>\n<\/div>\n\n\n\n<p>  <br><br><br><\/p>\n\n\n\n<h3 class=\"wp-block-heading has-text-align-left has-text-color has-link-color wp-elements-95f3b5284997ad57e9d3bfdf32331e83\" style=\"color:#e82850\"><strong>Quels financements pour un bilan de comp\u00e9tences&nbsp;?<\/strong><\/h3>\n\n\n\n<p class=\"has-text-align-left has-text-color has-link-color wp-elements-4901410c0d39cbd2a9bd3cf3b13417b6\" style=\"color:#5a3c96\">Les financements diff\u00e8rent selon votre situation, que nous pouvons \u00e9tudier ensemble de mani\u00e8re plus personnelle et approfondie.<br><br>Que vous soyez salari\u00e9e, en recherche d\u2019emploi, agente de la fonction publique, au RSA ou ind\u00e9pendante, vous pouvez r\u00e9aliser un bilan de comp\u00e9tences.<\/p>\n\n\n\n<p class=\"has-text-align-left has-text-color has-link-color wp-elements-5fa3abfdbfe8dac6fe48f34e069976ea\" style=\"color:#5a3c96\"><span style=\"text-decoration: underline;\">Bon \u00e0 savoir <\/span>: Tous les ans, chaque salari\u00e9.e \u00e0 temps plein per\u00e7oit 500\u20ac (ou plus, selon les cas) sur son compte CPF (Compte Personnel de Formation). Le bilan de comp\u00e9tences est consid\u00e9r\u00e9 comme une \u00ab\u00a0action de formation\u00a0\u00bb, ce qui a pour cons\u00e9quence qu\u2019il peut \u00eatre financ\u00e9 par le CPF.<br><br>Pour financer votre bilan de comp\u00e9tences, diff\u00e9rentes solutions existent\u00a0:<br><br>\u2022 le CPF (Compte Personnel de Formation), <br>\u2022 votre employeur,<br>\u2022 votre Opco (Op\u00e9rateur de comp\u00e9tences)<br>\u2022 votre financement personnel, en tout ou partie. Un paiement en plusieurs fois est possible.<br><br>Le d\u00e9cret n\u00b02026-127, entr\u00e9 en vigueur le 26 f\u00e9vrier 2026, impose de nouvelles r\u00e8gles pour le bilan de comp\u00e9tences :<br>1 &#8211; Quelle que soit la somme dont vous disposez sur votre CPF, le montant maximum mobilisable est dor\u00e9navant de 1600\u20ac.<br>2 &#8211; Vous ne devez pas avoir b\u00e9n\u00e9fici\u00e9 d\u2019un financement de bilan de comp\u00e9tences au cours\u00a0<strong>des cinq ann\u00e9es pr\u00e9c\u00e9dant votre demande\u00a0<\/strong>(que ce soit un financement public par le CPF, l\u2019\u00c9tat, une R\u00e9gion, France Travail, ou encore un financement priv\u00e9 par un Opco, un fonds d\u2019assurance formation\u2026).<br><br><br>Chez Revelia Evolution, nous vous accompagnons pour vous aider dans vos d\u00e9marches li\u00e9es au CPF, \u00e9tape par \u00e9tape.<br><br><br><\/p>\n\n\n\n<figure class=\"wp-block-gallery has-nested-images columns-default is-cropped wp-block-gallery-1 is-layout-flex wp-block-gallery-is-layout-flex\">\n<figure class=\"wp-block-image size-large is-style-default\"><img loading=\"lazy\" decoding=\"async\" width=\"1024\" height=\"170\" data-id=\"774\" src=\"https:\/\/revelia-evolution.fr\/wp-content\/uploads\/2026\/03\/rendez-vous-1024x170.png\" alt=\"\" class=\"wp-image-774\" srcset=\"https:\/\/revelia-evolution.fr\/wp-content\/uploads\/2026\/03\/rendez-vous-1024x170.png 1024w, https:\/\/revelia-evolution.fr\/wp-content\/uploads\/2026\/03\/rendez-vous-300x50.png 300w, https:\/\/revelia-evolution.fr\/wp-content\/uploads\/2026\/03\/rendez-vous-768x128.png 768w, https:\/\/revelia-evolution.fr\/wp-content\/uploads\/2026\/03\/rendez-vous-1536x255.png 1536w, https:\/\/revelia-evolution.fr\/wp-content\/uploads\/2026\/03\/rendez-vous-2048x340.png 2048w, https:\/\/revelia-evolution.fr\/wp-content\/uploads\/2026\/03\/rendez-vous-1920x319.png 1920w\" sizes=\"(max-width: 1024px) 100vw, 1024px\" \/><\/figure>\n<\/figure>\n\n\n\n<h3 class=\"wp-block-heading has-text-align-left has-text-color has-link-color wp-elements-cca5138b63bbe9a3e0e210b9b042c30f\" style=\"color:#e82850\"><br><br><strong>Ce que nous proposons<\/strong><\/h3>\n\n\n\n\n\n\n\n<h3 class=\"wp-block-heading has-text-align-left has-text-color has-link-color wp-elements-f61ff8a0bc29d8098decac90d25960ba\" style=\"color:#5a3c96\"><strong><br><font style=\"vertical-align: inherit;\"><font style=\"vertical-align: inherit;\">Et si&#8230; ?<\/font><\/font><\/strong><\/h3>\n\n\n\n<p class=\"has-text-align-left has-text-color has-link-color wp-elements-79fe3b7fe4606e61bbca0c980cbd0947\" style=\"color:#5a3c96\">\u2022 J&rsquo;ai encore des questions,<br>\u2022 Ou j\u2019ai envie d\u2019en savoir plus sur le bilan de comp\u00e9tences,<br>\u2022 Ou c&rsquo;est bon, c&rsquo;est d\u00e9cid\u00e9, je me lance !<br><br><\/p>\n\n\n\n<h3 class=\"wp-block-heading has-text-align-left has-text-color has-link-color wp-elements-7e71726f079ca77c53815ac70c54bf97\" style=\"color:#5a3c96\"><font style=\"vertical-align: inherit;\"><font style=\"vertical-align: inherit;\"><strong>Que faire ?<\/strong><\/font><\/font><\/h3>\n\n\n\n<p class=\"has-text-align-left has-text-color has-link-color wp-elements-e7ab6b3460c8055b6765e68b066d46b2\" style=\"color:#5a3c96\"><font style=\"vertical-align: inherit;\"><font style=\"vertical-align: inherit;\">C&rsquo;est tr\u00e8s simple ! Il suffit de <a href=\"https:\/\/revelia-evolution.fr\/#contact\" data-type=\"link\" data-id=\"https:\/\/revelia-evolution.fr\/#contact\"><strong><font style=\"vertical-align: inherit;\"><font style=\"vertical-align: inherit;\">prendre<\/font><\/font> contact avec nous<\/strong><\/a><\/font><\/font><a href=\"https:\/\/revelia-evolution.fr\/#contact\"> <\/a><a href=\"https:\/\/revelia-evolution.fr\/#contact\"><font style=\"vertical-align: inherit;\"><\/font><\/a><a href=\"https:\/\/revelia-evolution.fr\/#contact\"><font style=\"vertical-align: inherit;\"><font style=\"vertical-align: inherit;\"><\/font><\/font><\/a><font style=\"vertical-align: inherit;\"><font style=\"vertical-align: inherit;\">par t\u00e9l\u00e9phone ou par mail. Cet appel est totalement gratuit et sans engagement.<\/font><\/font><\/p>\n\n\n\n<p class=\"has-text-align-left has-text-color has-link-color wp-elements-97ea5dbf31b2ad09df238c3b30485b5f\" style=\"color:#5a3c96\"><strong>L\u2019objectif de ce premier contact&nbsp;: vous \u00e9couter, comprendre vos besoins et r\u00e9pondre \u00e0 toutes vos questions.<\/strong><\/p>\n\n\n","protected":false},"excerpt":{"rendered":"<p>Quels financements pour un bilan de comp\u00e9tences&nbsp;? Les financements diff\u00e8rent selon votre situation, que nous pouvons \u00e9tudier ensemble de mani\u00e8re plus personnelle et approfondie. Que vous soyez salari\u00e9e, en recherche d\u2019emploi, agente de la fonction publique, au RSA ou ind\u00e9pendante, vous pouvez r\u00e9aliser un bilan de comp\u00e9tences. Bon \u00e0 savoir : Tous les ans, chaque [&hellip;]<\/p>\n","protected":false},"author":1,"featured_media":774,"parent":0,"menu_order":0,"comment_status":"closed","ping_status":"closed","template":"","meta":{"saved_in_kubio":true,"footnotes":""},"class_list":["post-382","page","type-page","status-publish","has-post-thumbnail","hentry"],"kubio_ai_page_context":{"short_desc":"","purpose":"general"},"_links":{"self":[{"href":"https:\/\/revelia-evolution.fr\/index.php\/wp-json\/wp\/v2\/pages\/382","targetHints":{"allow":["GET"]}}],"collection":[{"href":"https:\/\/revelia-evolution.fr\/index.php\/wp-json\/wp\/v2\/pages"}],"about":[{"href":"https:\/\/revelia-evolution.fr\/index.php\/wp-json\/wp\/v2\/types\/page"}],"author":[{"embeddable":true,"href":"https:\/\/revelia-evolution.fr\/index.php\/wp-json\/wp\/v2\/users\/1"}],"replies":[{"embeddable":true,"href":"https:\/\/revelia-evolution.fr\/index.php\/wp-json\/wp\/v2\/comments?post=382"}],"version-history":[{"count":25,"href":"https:\/\/revelia-evolution.fr\/index.php\/wp-json\/wp\/v2\/pages\/382\/revisions"}],"predecessor-version":[{"id":779,"href":"https:\/\/revelia-evolution.fr\/index.php\/wp-json\/wp\/v2\/pages\/382\/revisions\/779"}],"wp:featuredmedia":[{"embeddable":true,"href":"https:\/\/revelia-evolution.fr\/index.php\/wp-json\/wp\/v2\/media\/774"}],"wp:attachment":[{"href":"https:\/\/revelia-evolution.fr\/index.php\/wp-json\/wp\/v2\/media?parent=382"}],"curies":[{"name":"wp","href":"https:\/\/api.w.org\/{rel}","templated":true}]}}