{"id":343,"date":"2025-11-12T10:58:45","date_gmt":"2025-11-12T10:58:45","guid":{"rendered":"https:\/\/revelia-evolution.fr\/index.php\/pourquoi-un-bilan\/"},"modified":"2026-03-13T15:56:53","modified_gmt":"2026-03-13T15:56:53","slug":"pourquoi-un-bilan","status":"publish","type":"page","link":"https:\/\/revelia-evolution.fr\/index.php\/pourquoi-un-bilan\/","title":{"rendered":"Pourquoi un bilan ?"},"content":{"rendered":"\n\n\n<div class=\"wp-block-columns is-layout-flex wp-container-core-columns-is-layout-28f84493 wp-block-columns-is-layout-flex\">\n<div class=\"wp-block-column is-layout-flow wp-block-column-is-layout-flow\" style=\"flex-basis:100%\"><\/div>\n<\/div>\n\n\n\n<p>  <br><br><br><\/p>\n\n\n\n<h3 class=\"wp-block-heading has-text-align-left has-text-color has-link-color wp-elements-ae17f95a8155bcd0847aa46b93b1a6bb\" style=\"color:#e82850\"><strong>Dans quelles situations ai-je besoin d\u2019un bilan de comp\u00e9tences&nbsp;?<\/strong><\/h3>\n\n\n\n<p class=\"has-text-align-left has-text-color has-link-color wp-elements-06de71bd267d9db5467e8584ab9d9b1e\" style=\"color:#5a3c96\">C&rsquo;est une question que tout le monde peut se poser. Vous vous reconna\u00eetrez peut-\u00eatre parmi l&rsquo;un ou l&rsquo;autre (ou plusieurs !) cas de figure : <br><br>\u2022 Je ne trouve <strong>plus de sens<\/strong> dans mon travail<br><strong>\u2022<\/strong> Je sens que j\u2019ai besoin d\u2019\u00e9volution mais je ne sais pas <strong>dans quelle voie m\u2019engager<\/strong><br><strong>\u2022<\/strong> <strong>Je ne m\u2019\u00e9panouis pas<\/strong>, je ne me sens pas \/ plus \u00e0 place, dans mon emploi actuel<br><strong>\u2022<\/strong> <strong>Je me sens seule<\/strong> et je tourne en rond<br><strong>\u2022<\/strong> Je suis en recherche d\u2019emploi mais que je ne sais pas <strong>vers o\u00f9<\/strong> <strong>diriger mes recherches<\/strong><br><strong>\u2022<\/strong> J\u2019ai des id\u00e9es de projet pro mais je ne me sens <strong>pas l\u00e9gitime<\/strong><br><strong>\u2022<\/strong> <strong>Je me perds<\/strong> dans mes recherches en ligne<br><strong>\u2022<\/strong> J\u2019ai <strong>besoin d\u2019un accompagnement personnalis\u00e9<\/strong><br><strong>\u2022<\/strong> Je me sens <strong>impuissante <\/strong>et j\u2019ai besoin d\u2019une aide, d\u2019un <strong>contact humain de qualit\u00e9<\/strong><br><strong>\u2022<\/strong> Je sens que j\u2019ai des freins, je veux les lever mais <strong>je ne sais pas comment faire<\/strong><\/p>\n\n\n\n<p class=\"has-text-align-left has-text-color has-link-color wp-elements-285eb36d3b33897714ae6cd46907c4ab\" style=\"color:#5a3c96\"><br><br><\/p>\n\n\n\n<h3 class=\"wp-block-heading has-text-align-left has-text-color has-link-color wp-elements-1d8279d14b7aa529274e74152c5b12b7\" style=\"color:#e82850\"><font style=\"vertical-align: inherit;\"><font style=\"vertical-align: inherit;\"><strong>Faire un bilan de comp\u00e9tences avec Revelia Evolution, c\u2019est&nbsp;:<\/strong><\/font><\/font><\/h3>\n\n\n\n<p class=\"has-text-align-left has-text-color has-link-color wp-elements-3710315686f71c55320c5c3bc81813ea\" style=\"color:#5a3c96\"><a href=\"https:\/\/fr.emojiguide.com\/symboles\/check-mark\">\u2714\ufe0f<\/a> Des professionnelles qualifi\u00e9es, \u00e0 l\u2019\u00e9coute et au service de mes aspirations&nbsp;;<\/p>\n\n\n\n<p class=\"has-text-align-left has-text-color has-link-color wp-elements-7981762d51490ef5559f71d3dcfd31f1\" style=\"color:#5a3c96\"><a href=\"https:\/\/fr.emojiguide.com\/symboles\/check-mark\">\u2714\ufe0f<\/a> Une formule<strong> sur mesure, d\u00e9cid\u00e9e ensemble&nbsp;; <\/strong><\/p>\n\n\n\n<p class=\"has-text-align-left has-text-color has-link-color wp-elements-e680fafec362711fc94e0508bee51d8d\" style=\"color:#5a3c96\"><a href=\"https:\/\/fr.emojiguide.com\/symboles\/check-mark\">\u2714\ufe0f<\/a> Une d\u00e9marche <strong>rigoureuse&nbsp;<\/strong>;<\/p>\n\n\n\n<p class=\"has-text-align-left has-text-color has-link-color wp-elements-d50d0dbc0439b36a2a3111290a6ebbfe\" style=\"color:#5a3c96\"><a href=\"https:\/\/fr.emojiguide.com\/symboles\/check-mark\">\u2714\ufe0f<\/a> Une d\u00e9marche <strong>respectueuse de mes choix et convictions&nbsp;<\/strong>;<\/p>\n\n\n\n<p class=\"has-text-align-left has-text-color has-link-color wp-elements-b9f5aec138495a133dba5cbd0cf139a7\" style=\"color:#5a3c96\"><a href=\"https:\/\/fr.emojiguide.com\/symboles\/check-mark\">\u2714\ufe0f<\/a> Un<strong> cadre s\u00e9curisant<\/strong>&nbsp;;<\/p>\n\n\n\n<p class=\"has-text-align-left has-text-color has-link-color wp-elements-04f29856201b9cd6f8b2e771df7b4baa\" style=\"color:#5a3c96\"><a href=\"https:\/\/fr.emojiguide.com\/symboles\/check-mark\">\u2714\ufe0f<\/a> Des <strong>outils adapt\u00e9s<\/strong>, choisis en fonction de mon profil et <strong>en corr\u00e9lation avec mes contraintes de vie<\/strong>&nbsp;;<\/p>\n\n\n\n<p class=\"has-text-align-left has-text-color has-link-color wp-elements-d7b6417f005b3ef9b76bf12c69bd8792\" style=\"color:#5a3c96\"><a href=\"https:\/\/fr.emojiguide.com\/symboles\/check-mark\">\u2714\ufe0f<\/a> Des <strong>rencontres en pr\u00e9sentiel privil\u00e9gi\u00e9es<\/strong>. La <strong>visio est tout \u00e0 fait possible<\/strong> si cela est plus facile pour moi&nbsp;;<\/p>\n\n\n\n<p class=\"has-text-align-left has-text-color has-link-color wp-elements-2b3003b7ee5593fb20d76a3709bd2feb\" style=\"color:#5a3c96\"><a href=\"https:\/\/fr.emojiguide.com\/symboles\/check-mark\">\u2714\ufe0f<\/a> Des <strong>ateliers collectifs<\/strong> pour mutualiser les approches et les questions<\/p>\n\n\n\n<blockquote class=\"wp-block-quote is-layout-flow wp-block-quote-is-layout-flow\">\n<p class=\"has-text-align-left has-text-color has-link-color has-small-font-size wp-elements-e10d98ab3ba8e55e5a1bb3569a76f6f8\" style=\"color:#5a3c96\">Ces ateliers collectifs permettent d\u2019aborder des th\u00e8mes comme la <strong>confiance en soi et la l\u00e9gitimit\u00e9<\/strong>, apprendre \u00e0 <strong>d\u00e9velopper son r\u00e9seau<\/strong>, pr\u00e9parer son <strong>entretien d\u2019embauche<\/strong>, les <strong>\u00e9motions<\/strong> qui nous traversent au quotidien, et particuli\u00e8rement quand on se questionne sur ses choix professionnels, etc. Mais aussi des moments pour explorer et se d\u00e9couvrir soi et les autres, comme des <strong>ateliers d\u2019\u00e9criture<\/strong>, de cr\u00e9ation de <strong>vision board, <\/strong>etc \u2026<\/p>\n<\/blockquote>\n\n\n\n<p class=\"has-text-align-left has-text-color has-link-color wp-elements-2f4e14f0b2ec825fb7c1bddd1f2e35ef\" style=\"color:#5a3c96\"><a href=\"https:\/\/fr.emojiguide.com\/symboles\/check-mark\">\u2714\ufe0f<\/a> Des espaces de rencontres conviviales, lors des <strong>soir\u00e9es \u00ab&nbsp;Femmes ensemble&nbsp;\u00bb<\/strong><\/p>\n\n\n\n<blockquote class=\"wp-block-quote is-layout-flow wp-block-quote-is-layout-flow\">\n<p class=\"has-text-align-left has-text-color has-link-color has-small-font-size wp-elements-63af3658b16cea220d9060c7c376d030\" style=\"color:#5a3c96\">Des soir\u00e9es o\u00f9 on se retrouve entre femmes, pour \u00e9changer sur nos <strong>parcours<\/strong>, nos <strong>r\u00e9flexions<\/strong>, nos <strong>pratiques<\/strong>, pour ouvrir un espace <strong>d\u2019entraide <\/strong>et de <strong>liens<\/strong>.<\/p>\n<\/blockquote>\n\n\n\n<p class=\"has-text-align-left has-text-color has-link-color wp-elements-f99364f7fdd6f3de084ed4ddf3f24041\" style=\"color:#5a3c96\"><a href=\"https:\/\/fr.emojiguide.com\/symboles\/check-mark\">\u2714\ufe0f<\/a> Une <strong>\u00e9quipe sensibilis\u00e9e aux th\u00e9matiques<\/strong> que rencontrent souvent les femmes&nbsp;<\/p>\n\n\n\n<blockquote class=\"wp-block-quote is-layout-flow wp-block-quote-is-layout-flow\">\n<p class=\"has-text-align-left has-text-color has-link-color has-small-font-size wp-elements-24b5e758cbc02c2b64fa800660655ec9\" style=\"color:#5a3c96\">Comme par exemple : <strong>charge mentale, question de confiance en soi, de l\u00e9gitimit\u00e9<\/strong>, etc.<\/p>\n<\/blockquote>\n\n\n\n<p><br><\/p>\n\n\n\n<p><\/p>\n\n\n\n<figure class=\"wp-block-gallery has-nested-images columns-default is-cropped wp-block-gallery-1 is-layout-flex wp-block-gallery-is-layout-flex\">\n<figure class=\"wp-block-image size-large\"><img loading=\"lazy\" decoding=\"async\" width=\"1024\" height=\"170\" data-id=\"774\" src=\"https:\/\/revelia-evolution.fr\/wp-content\/uploads\/2026\/03\/rendez-vous-1024x170.png\" alt=\"\" class=\"wp-image-774\" srcset=\"https:\/\/revelia-evolution.fr\/wp-content\/uploads\/2026\/03\/rendez-vous-1024x170.png 1024w, https:\/\/revelia-evolution.fr\/wp-content\/uploads\/2026\/03\/rendez-vous-300x50.png 300w, https:\/\/revelia-evolution.fr\/wp-content\/uploads\/2026\/03\/rendez-vous-768x128.png 768w, https:\/\/revelia-evolution.fr\/wp-content\/uploads\/2026\/03\/rendez-vous-1536x255.png 1536w, https:\/\/revelia-evolution.fr\/wp-content\/uploads\/2026\/03\/rendez-vous-2048x340.png 2048w, https:\/\/revelia-evolution.fr\/wp-content\/uploads\/2026\/03\/rendez-vous-1920x319.png 1920w\" sizes=\"(max-width: 1024px) 100vw, 1024px\" \/><\/figure>\n<\/figure>\n\n\n\n<h3 class=\"wp-block-heading has-text-align-left has-text-color has-link-color wp-elements-f61ff8a0bc29d8098decac90d25960ba\" style=\"color:#5a3c96\"><strong><br><font style=\"vertical-align: inherit;\"><font style=\"vertical-align: inherit;\">Et si&#8230; ?<\/font><\/font><\/strong><\/h3>\n\n\n\n<p class=\"has-text-align-left has-text-color has-link-color wp-elements-8a3a34288e120200e6e785be0a779267\" style=\"color:#5a3c96\">\u2022 J\u2019ai encore des questions,<br>\u2022 Ou j\u2019ai envie d\u2019en savoir plus sur le bilan de comp\u00e9tences,<br>\u2022 Ou c\u2019est bon, c\u2019est d\u00e9cid\u00e9, je me lance !<br><\/p>\n\n\n\n<ul style=\"color:#5a3c96\" class=\"wp-block-list has-text-color has-link-color wp-elements-3061338f7860ee4d66bc0b13450cfe23\"><\/ul>\n\n\n\n<ul class=\"wp-block-list\"><\/ul>\n\n\n\n<h3 class=\"wp-block-heading has-text-align-left has-text-color has-link-color wp-elements-7e71726f079ca77c53815ac70c54bf97\" style=\"color:#5a3c96\"><font style=\"vertical-align: inherit;\"><font style=\"vertical-align: inherit;\"><strong>Que faire ?<\/strong><\/font><\/font><\/h3>\n\n\n\n<p class=\"has-text-align-left has-text-color has-link-color wp-elements-54b2dbb6cc28b498069fbb6c6f5ad774\" style=\"color:#5a3c96\"><font style=\"vertical-align: inherit;\"><font style=\"vertical-align: inherit;\">C&rsquo;est tr\u00e8s simple ! Il suffit de <a href=\"https:\/\/revelia-evolution.fr\/#contact\" data-type=\"link\" data-id=\"https:\/\/revelia-evolution.fr\/#contact\"><strong><font style=\"vertical-align: inherit;\"><font style=\"vertical-align: inherit;\">prendre<\/font><\/font> contact avec nous<\/strong><\/a> <\/font><\/font><a href=\"https:\/\/revelia-evolution.fr\/#contact\"><font style=\"vertical-align: inherit;\"><font style=\"vertical-align: inherit;\"><\/font><\/font><\/a><font style=\"vertical-align: inherit;\"><font style=\"vertical-align: inherit;\">par t\u00e9l\u00e9phone ou par mail. Cet appel est totalement gratuit et sans engagement.<\/font><\/font><\/p>\n\n\n\n<p class=\"has-text-align-left has-text-color has-link-color wp-elements-97ea5dbf31b2ad09df238c3b30485b5f\" style=\"color:#5a3c96\"><strong>L\u2019objectif de ce premier contact&nbsp;: vous \u00e9couter, comprendre vos besoins et r\u00e9pondre \u00e0 toutes vos questions.<\/strong><\/p>\n\n\n","protected":false},"excerpt":{"rendered":"<p>Dans quelles situations ai-je besoin d\u2019un bilan de comp\u00e9tences&nbsp;? C&rsquo;est une question que tout le monde peut se poser. Vous vous reconna\u00eetrez peut-\u00eatre parmi l&rsquo;un ou l&rsquo;autre (ou plusieurs !) cas de figure : \u2022 Je ne trouve plus de sens dans mon travail\u2022 Je sens que j\u2019ai besoin d\u2019\u00e9volution mais je ne sais pas [&hellip;]<\/p>\n","protected":false},"author":1,"featured_media":0,"parent":0,"menu_order":0,"comment_status":"closed","ping_status":"closed","template":"","meta":{"saved_in_kubio":true,"footnotes":""},"class_list":["post-343","page","type-page","status-publish","hentry"],"kubio_ai_page_context":{"short_desc":"","purpose":"general"},"_links":{"self":[{"href":"https:\/\/revelia-evolution.fr\/index.php\/wp-json\/wp\/v2\/pages\/343","targetHints":{"allow":["GET"]}}],"collection":[{"href":"https:\/\/revelia-evolution.fr\/index.php\/wp-json\/wp\/v2\/pages"}],"about":[{"href":"https:\/\/revelia-evolution.fr\/index.php\/wp-json\/wp\/v2\/types\/page"}],"author":[{"embeddable":true,"href":"https:\/\/revelia-evolution.fr\/index.php\/wp-json\/wp\/v2\/users\/1"}],"replies":[{"embeddable":true,"href":"https:\/\/revelia-evolution.fr\/index.php\/wp-json\/wp\/v2\/comments?post=343"}],"version-history":[{"count":22,"href":"https:\/\/revelia-evolution.fr\/index.php\/wp-json\/wp\/v2\/pages\/343\/revisions"}],"predecessor-version":[{"id":783,"href":"https:\/\/revelia-evolution.fr\/index.php\/wp-json\/wp\/v2\/pages\/343\/revisions\/783"}],"wp:attachment":[{"href":"https:\/\/revelia-evolution.fr\/index.php\/wp-json\/wp\/v2\/media?parent=343"}],"curies":[{"name":"wp","href":"https:\/\/api.w.org\/{rel}","templated":true}]}}