{"id":3,"date":"2025-09-04T16:33:31","date_gmt":"2025-09-04T16:33:31","guid":{"rendered":"http:\/\/revelia-evolution.fr\/?page_id=3"},"modified":"2025-12-30T15:19:07","modified_gmt":"2025-12-30T15:19:07","slug":"mentions-legales","status":"publish","type":"page","link":"https:\/\/revelia-evolution.fr\/index.php\/mentions-legales\/","title":{"rendered":"Mentions l\u00e9gales"},"content":{"rendered":"\n<h2 class=\"wp-block-heading has-text-align-left\"><mark style=\"background-color:rgba(0, 0, 0, 0);color:#5a3c96\" class=\"has-inline-color\">Mentions l\u00e9gales<\/mark><\/h2>\n\n\n\n<h3 class=\"wp-block-heading has-text-align-left\"><mark style=\"background-color:rgba(0, 0, 0, 0);color:#5a3c96\" class=\"has-inline-color\">\u00c9diteur du site<\/mark><\/h3>\n\n\n\n<p class=\"has-text-align-left has-text-color has-link-color wp-elements-4459bdf31dd589dc83f740fa353f7ff4\" style=\"color:#5a3c96\">Nom du site : Revelia Evolution<br>Responsable de la publication : Audrey Nobis<br>Statut : Soci\u00e9t\u00e9 Didaxis<\/p>\n\n\n\n<p class=\"has-text-align-left has-text-color has-link-color wp-elements-c890ae96382cca8e2e5f96b4f644fe53\" style=\"color:#5a3c96\">Adresse : 99 boulevard de la Reine &#8211; 78000 Versailles (France)<br>Adresse e-mail : contact@revelia-evolution.fr<br>T\u00e9l\u00e9phone : 06 10 28 45 26<\/p>\n\n\n\n<hr class=\"wp-block-separator has-alpha-channel-opacity\"\/>\n\n\n\n<h3 class=\"wp-block-heading has-text-align-left has-text-color has-link-color wp-elements-db62e26972047845052cfc6e8b4620a9\" style=\"color:#5a3c96\">H\u00e9bergement<\/h3>\n\n\n\n<p class=\"has-text-align-left has-text-color has-link-color wp-elements-3dbee2506736857f1f3421bdee210442\" style=\"color:#5a3c96\">Le site est h\u00e9berg\u00e9 par : OVH SAS<br>Adresse : 2 rue Kellermann &#8211; 59100 Roubaix (France)<br>T\u00e9l\u00e9phone : 1007 (ou +33 9 72 10 10 07 depuis l&rsquo;\u00e9tranger)<br>Site web : https:\/\/www.ovhcloud.com\/fr\/<\/p>\n\n\n\n<hr class=\"wp-block-separator has-alpha-channel-opacity\"\/>\n\n\n\n<h3 class=\"wp-block-heading has-text-align-left\"><mark style=\"background-color:rgba(0, 0, 0, 0);color:#5a3c96\" class=\"has-inline-color\">Propri\u00e9t\u00e9 intellectuelle<\/mark><\/h3>\n\n\n\n<p class=\"has-text-align-left has-text-color has-link-color wp-elements-b607456bc2bef9bdafbc9558b5a69b55\" style=\"color:#5a3c96\">L\u2019ensemble du contenu pr\u00e9sent sur le site https:\/\/revelia-evolution.fr (textes, images, graphismes, logo, vid\u00e9os, ic\u00f4nes, sons, etc.) est prot\u00e9g\u00e9 par le droit d\u2019auteur et reste la propri\u00e9t\u00e9 exclusive de Audrey Nobis, sauf mention contraire.<\/p>\n\n\n\n<p class=\"has-text-align-left has-text-color has-link-color wp-elements-96e5eece52b6cf6683b04d12417eaaaf\" style=\"color:#5a3c96\">Toute reproduction, repr\u00e9sentation, modification, publication ou adaptation, totale ou partielle, de ces \u00e9l\u00e9ments est interdite sans autorisation \u00e9crite pr\u00e9alable.<\/p>\n\n\n\n<hr class=\"wp-block-separator has-alpha-channel-opacity\"\/>\n\n\n\n<h3 class=\"wp-block-heading has-text-align-left\"><mark style=\"background-color:rgba(0, 0, 0, 0);color:#5a3c96\" class=\"has-inline-color\">Responsabilit\u00e9<\/mark><\/h3>\n\n\n\n<p class=\"has-text-align-left has-text-color has-link-color wp-elements-400785165029ce6bc70d9a7e968dd8fb\" style=\"color:#5a3c96\">Les informations diffus\u00e9es sur le site https:\/\/revelia-evolution.fr sont fournies \u00e0 titre informatif.<br>Audrey Nobis ne saurait \u00eatre tenue responsable des omissions, inexactitudes ou carences dans la mise \u00e0 jour des informations.<\/p>\n\n\n\n<p class=\"has-text-align-left has-text-color has-link-color wp-elements-fc8025c031e169fbecfad301b8214cff\" style=\"color:#5a3c96\">L\u2019utilisateur est seul responsable de l\u2019utilisation qu\u2019il fait du site.<\/p>\n\n\n\n<hr class=\"wp-block-separator has-alpha-channel-opacity\"\/>\n\n\n\n<h3 class=\"wp-block-heading has-text-align-left\"><mark style=\"background-color:rgba(0, 0, 0, 0);color:#5a3c96\" class=\"has-inline-color\">Donn\u00e9es personnelles<\/mark><\/h3>\n\n\n\n<p class=\"has-text-align-left has-text-color has-link-color wp-elements-e04b9d89aeea13e68348521ae05cd0ac\" style=\"color:#5a3c96\">Les donn\u00e9es personnelles \u00e9ventuellement collect\u00e9es sur le site sont utilis\u00e9es uniquement dans le cadre pr\u00e9vu (formulaire de contact, r\u00e9ponse aux messages, etc.).<\/p>\n\n\n\n<p class=\"has-text-align-left has-text-color has-link-color wp-elements-4fd66d8bcb79a33e864e94722e8b52a9\" style=\"color:#5a3c96\">Conform\u00e9ment \u00e0 la r\u00e9glementation en vigueur (RGPD et loi Informatique et Libert\u00e9s), l\u2019utilisateur dispose d\u2019un droit d\u2019acc\u00e8s, de rectification et de suppression de ses donn\u00e9es personnelles, qu\u2019il peut exercer en contactant : contact@revelia-evolution.fr<\/p>\n\n\n\n<hr class=\"wp-block-separator has-alpha-channel-opacity\"\/>\n\n\n\n<h3 class=\"wp-block-heading has-text-align-left\"><mark style=\"background-color:rgba(0, 0, 0, 0);color:#5a3c96\" class=\"has-inline-color\">Cookies<\/mark><\/h3>\n\n\n\n<p class=\"has-text-align-left has-text-color has-link-color wp-elements-e1ee80c89c7d2c438f87d9b1e7766d21\" style=\"color:#5a3c96\">Le site https:\/\/revelia-evolution.fr peut \u00eatre amen\u00e9 \u00e0 utiliser des cookies afin d\u2019am\u00e9liorer l\u2019exp\u00e9rience utilisateur et r\u00e9aliser des statistiques de navigation.<\/p>\n\n\n\n<p class=\"has-text-align-left has-text-color has-link-color wp-elements-9c610c6d7dad378f949457e86f80e5f9\" style=\"color:#5a3c96\">L\u2019utilisateur peut configurer son navigateur pour refuser les cookies.<\/p>\n","protected":false},"excerpt":{"rendered":"<p>Mentions l\u00e9gales \u00c9diteur du site Nom du site : Revelia EvolutionResponsable de la publication : Audrey NobisStatut : Soci\u00e9t\u00e9 Didaxis Adresse : 99 boulevard de la Reine &#8211; 78000 Versailles (France)Adresse e-mail : contact@revelia-evolution.frT\u00e9l\u00e9phone : 06 10 28 45 26 H\u00e9bergement Le site est h\u00e9berg\u00e9 par : OVH SASAdresse : 2 rue Kellermann &#8211; 59100 [&hellip;]<\/p>\n","protected":false},"author":1,"featured_media":0,"parent":0,"menu_order":0,"comment_status":"closed","ping_status":"closed","template":"","meta":{"saved_in_kubio":true,"footnotes":""},"class_list":["post-3","page","type-page","status-publish","hentry"],"kubio_ai_page_context":{"short_desc":"","purpose":"general"},"_links":{"self":[{"href":"https:\/\/revelia-evolution.fr\/index.php\/wp-json\/wp\/v2\/pages\/3","targetHints":{"allow":["GET"]}}],"collection":[{"href":"https:\/\/revelia-evolution.fr\/index.php\/wp-json\/wp\/v2\/pages"}],"about":[{"href":"https:\/\/revelia-evolution.fr\/index.php\/wp-json\/wp\/v2\/types\/page"}],"author":[{"embeddable":true,"href":"https:\/\/revelia-evolution.fr\/index.php\/wp-json\/wp\/v2\/users\/1"}],"replies":[{"embeddable":true,"href":"https:\/\/revelia-evolution.fr\/index.php\/wp-json\/wp\/v2\/comments?post=3"}],"version-history":[{"count":3,"href":"https:\/\/revelia-evolution.fr\/index.php\/wp-json\/wp\/v2\/pages\/3\/revisions"}],"predecessor-version":[{"id":733,"href":"https:\/\/revelia-evolution.fr\/index.php\/wp-json\/wp\/v2\/pages\/3\/revisions\/733"}],"wp:attachment":[{"href":"https:\/\/revelia-evolution.fr\/index.php\/wp-json\/wp\/v2\/media?parent=3"}],"curies":[{"name":"wp","href":"https:\/\/api.w.org\/{rel}","templated":true}]}}