{"id":282,"date":"2025-11-11T11:00:20","date_gmt":"2025-11-11T11:00:20","guid":{"rendered":"https:\/\/revelia-evolution.fr\/?page_id=282"},"modified":"2025-11-23T14:43:21","modified_gmt":"2025-11-23T14:43:21","slug":"le-bilan-de-competences-en-3-phases","status":"publish","type":"page","link":"https:\/\/revelia-evolution.fr\/index.php\/le-bilan-de-competences-en-3-phases\/","title":{"rendered":"Le bilan de comp\u00e9tences en 3 phases"},"content":{"rendered":"\n\n\n<h3 class=\"wp-block-heading has-text-align-left has-text-color has-link-color wp-elements-0721bce79271aa909b4307bac24f2e22\" style=\"color:#e82850\"><strong><br><font style=\"vertical-align: inherit;\"><font style=\"vertical-align: inherit;\">Phase 1 : Faire connaissance<\/font><\/font><\/strong><\/h3>\n\n\n\n<p class=\"has-text-align-left has-text-color has-link-color wp-elements-0bce9200e83490bbbfa2c323f5f7a330\" style=\"color:#5a3c96\">Lors de cet entretien pr\u00e9alable,<br><font style=\"vertical-align: inherit;\"><font style=\"vertical-align: inherit;\">\u2022<\/font><\/font> <font style=\"vertical-align: inherit;\"><font style=\"vertical-align: inherit;\">Nous \u00e9changeons autour de vos <\/font><\/font><strong><font style=\"vertical-align: inherit;\"><font style=\"vertical-align: inherit;\">atten<\/font><\/font>tes<\/strong> ;<br>\u2022 Nous \u00e9tudions votre <strong>situation actuelle<\/strong> ;<br>\u2022 Nous d\u00e9finissons ensemble des objectifs r\u00e9pondant \u00e0 <strong>vos besoins<\/strong> d\u2019accompagnement ;<br>\u2022 Nous \u00e9tablissons <strong>un cadre d\u2019accompagnement<\/strong> ;<br>\u2022 Nous planifions <strong>nos rencontres \u00e0 venir<\/strong>.<br><br><\/p>\n\n\n\n<p class=\"has-text-align-left has-text-color has-link-color wp-elements-47ef25c57bb1f0c45f4c2167192ec0fb\" style=\"color:#5a3c96\"><\/p>\n\n\n\n<p class=\"has-text-align-left has-text-color has-link-color wp-elements-47ef25c57bb1f0c45f4c2167192ec0fb\" style=\"color:#5a3c96\"><\/p>\n\n\n\n<h3 class=\"wp-block-heading has-text-align-left has-text-color has-link-color wp-elements-08092729706fa6e1f062f7a8ca73ee8f\" style=\"color:#e82850\"><font style=\"vertical-align: inherit;\"><font style=\"vertical-align: inherit;\"><strong>Phase 2 : explorer les possibilit\u00e9s<\/strong><\/font><\/font><\/h3>\n\n\n\n<p class=\"has-text-align-left has-text-color has-link-color wp-elements-448de9b2c7d2f9d0954ba0ffeafb6994\" style=\"color:#5a3c96\">Cette phase est le c\u0153ur du processus du bilan de comp\u00e9tences.<\/p>\n\n\n\n<p class=\"has-text-align-left has-text-color has-link-color wp-elements-18c3d7b48f7cd99d2eb174332edce87f\" style=\"color:#5a3c96\">Nous vous accompagnons pour faire le point sur <strong>vos r\u00e9ussites, vos freins et vos motivations au changement.<\/strong><\/p>\n\n\n\n<p class=\"has-text-align-left has-text-color has-link-color wp-elements-13bc4f1786fa15686d0b42658cdf85a3\" style=\"color:#5a3c96\">Gr\u00e2ce \u00e0 notre expertise et \u00e0 nos outils, nous sommes \u00e0 vos c\u00f4t\u00e9s pour explorer <strong>vos valeurs, vos aspirations, vos comp\u00e9tences. <\/strong>Nous nous appuyons sur votre parcours professionnel et personnel pour r\u00e9v\u00e9ler vos forces et vos acquis.<\/p>\n\n\n\n<p class=\"has-text-align-left has-text-color has-link-color wp-elements-3ceb7e1a975172d7ac03a66558f8eba4\" style=\"color:#5a3c96\">Enfin, nos connaissances du champ professionnel et de ses multiples ramifications, vous permettent d\u2019envisager de <strong>nouvelles pistes de m\u00e9tiers, de reconversion et de champs professionnels.<\/strong><br><br><br><\/p>\n\n\n\n<h3 class=\"wp-block-heading has-text-align-left has-text-color has-link-color wp-elements-6a68ff5e188f984e97456b7ac3ae8aab\" style=\"color:#e82850\"><font style=\"vertical-align: inherit;\"><font style=\"vertical-align: inherit;\"><strong>Phase 3 : \u00e9tablir un plan d&rsquo;actions personnalis\u00e9<\/strong><\/font><\/font><\/h3>\n\n\n\n<p class=\"has-text-align-left has-text-color has-link-color wp-elements-88ce05be44b6b662ac620aa85a0d626e\" style=\"color:#5a3c96\">Nous observons l\u2019ad\u00e9quation entre la singularit\u00e9 de votre parcours,<strong> vos aspirations (m\u00eame multiples)<\/strong> et la r\u00e9alit\u00e9 actuelle du monde professionnel.<\/p>\n\n\n\n<p class=\"has-text-align-left has-text-color has-link-color wp-elements-336abbf4d43a00296a696187ef2eb8c7\" style=\"color:#5a3c96\">Vous choisissez <strong>votre nouveau projet professionnel <\/strong>(ou plusieurs projets).<\/p>\n\n\n\n<p class=\"has-text-align-left has-text-color has-link-color wp-elements-e2a6c9eb2b24512e18d59d5f93467943\" style=\"color:#5a3c96\">Nous construisons ensemble <strong>un plan d\u2019actions<\/strong>, r\u00e9pondant \u00e0 vos objectifs et vos r\u00e9alit\u00e9s personnelles. Ce plan d\u2019actions vous permet d\u2019identifier clairement les <strong>\u00e9tapes concr\u00e8tes<\/strong> pour r\u00e9aliser votre ou vos projet(s), et ainsi mettre toutes les chances de votre c\u00f4t\u00e9 pour le(s) r\u00e9aliser.<\/p>\n\n\n\n<p class=\"has-text-align-left has-text-color has-link-color wp-elements-be078c6bd2c02e92a38099dcc9fa044b\" style=\"color:#5a3c96\">Nous \u00e9laborons enfin un <strong>document de synth\u00e8se<\/strong>, fruit du travail effectu\u00e9 lors des trois phases. <strong>Vous \u00eates la seule \u00e0 pouvoir d\u00e9cider <\/strong>si vous souhaitez le transmettre \u00e0 tiers.<strong> Il est confidentiel et il vous appartient.<\/strong><\/p>\n\n\n\n<p class=\"has-text-align-left has-text-color has-link-color wp-elements-f4f17f5a6eed58708db1e6ffdee17784\" style=\"color:#5a3c96\">Vous b\u00e9n\u00e9ficiez d\u2019un <strong>entretien de suivi <\/strong>3 \u00e0 6 mois apr\u00e8s la fin de votre bilan.<\/p>\n\n\n\n<h3 class=\"wp-block-heading has-text-align-left has-text-color has-link-color wp-elements-f61ff8a0bc29d8098decac90d25960ba\" style=\"color:#5a3c96\"><strong><br><font style=\"vertical-align: inherit;\"><font style=\"vertical-align: inherit;\">Et si&#8230; ?<\/font><\/font><\/strong><\/h3>\n\n\n\n<p class=\"has-text-align-left has-text-color has-link-color wp-elements-8a3a34288e120200e6e785be0a779267\" style=\"color:#5a3c96\">\u2022 J\u2019ai encore des questions,<br>\u2022 Ou j\u2019ai envie d\u2019en savoir plus sur le bilan de comp\u00e9tences,<br>\u2022 Ou c\u2019est bon, c\u2019est d\u00e9cid\u00e9, je me lance !<br><\/p>\n\n\n\n<ul style=\"color:#5a3c96\" class=\"wp-block-list has-text-color has-link-color wp-elements-3061338f7860ee4d66bc0b13450cfe23\"><\/ul>\n\n\n\n<h3 class=\"wp-block-heading has-text-align-left has-text-color has-link-color wp-elements-7e71726f079ca77c53815ac70c54bf97\" style=\"color:#5a3c96\"><font style=\"vertical-align: inherit;\"><font style=\"vertical-align: inherit;\"><strong>Que faire ?<\/strong><\/font><\/font><\/h3>\n\n\n\n<p class=\"has-text-align-left has-text-color has-link-color wp-elements-041191bab151914d9726dd333bbe322c\" style=\"color:#5a3c96\">C&rsquo;est tr\u00e8s simple ! Il suffit de <a href=\"https:\/\/revelia-evolution.fr\/#contact\" data-type=\"link\" data-id=\"https:\/\/revelia-evolution.fr\/#contact\">prendre contact avec nous<\/a><a href=\"https:\/\/revelia-evolution.fr\/#contact\"><font style=\"vertical-align: inherit;\"><font style=\"vertical-align: inherit;\"> <\/font><\/font><\/a><font style=\"vertical-align: inherit;\"><font style=\"vertical-align: inherit;\">par t\u00e9l\u00e9phone ou par mail. Cet appel est totalement gratuit et sans engagement.<\/font><\/font><\/p>\n\n\n\n<p class=\"has-text-align-left has-text-color has-link-color wp-elements-97ea5dbf31b2ad09df238c3b30485b5f\" style=\"color:#5a3c96\"><strong>L\u2019objectif de ce premier contact&nbsp;: vous \u00e9couter, comprendre vos besoins et r\u00e9pondre \u00e0 toutes vos questions.<\/strong><\/p>\n\n\n","protected":false},"excerpt":{"rendered":"<p>Phase 1 : Faire connaissance Lors de cet entretien pr\u00e9alable,\u2022 Nous \u00e9changeons autour de vos attentes ;\u2022 Nous \u00e9tudions votre situation actuelle ;\u2022 Nous d\u00e9finissons ensemble des objectifs r\u00e9pondant \u00e0 vos besoins d\u2019accompagnement ;\u2022 Nous \u00e9tablissons un cadre d\u2019accompagnement ;\u2022 Nous planifions nos rencontres \u00e0 venir. Phase 2 : explorer les possibilit\u00e9s Cette phase est [&hellip;]<\/p>\n","protected":false},"author":1,"featured_media":0,"parent":0,"menu_order":0,"comment_status":"closed","ping_status":"closed","template":"","meta":{"saved_in_kubio":true,"footnotes":""},"class_list":["post-282","page","type-page","status-publish","hentry"],"kubio_ai_page_context":{"short_desc":"","purpose":"general"},"_links":{"self":[{"href":"https:\/\/revelia-evolution.fr\/index.php\/wp-json\/wp\/v2\/pages\/282","targetHints":{"allow":["GET"]}}],"collection":[{"href":"https:\/\/revelia-evolution.fr\/index.php\/wp-json\/wp\/v2\/pages"}],"about":[{"href":"https:\/\/revelia-evolution.fr\/index.php\/wp-json\/wp\/v2\/types\/page"}],"author":[{"embeddable":true,"href":"https:\/\/revelia-evolution.fr\/index.php\/wp-json\/wp\/v2\/users\/1"}],"replies":[{"embeddable":true,"href":"https:\/\/revelia-evolution.fr\/index.php\/wp-json\/wp\/v2\/comments?post=282"}],"version-history":[{"count":30,"href":"https:\/\/revelia-evolution.fr\/index.php\/wp-json\/wp\/v2\/pages\/282\/revisions"}],"predecessor-version":[{"id":692,"href":"https:\/\/revelia-evolution.fr\/index.php\/wp-json\/wp\/v2\/pages\/282\/revisions\/692"}],"wp:attachment":[{"href":"https:\/\/revelia-evolution.fr\/index.php\/wp-json\/wp\/v2\/media?parent=282"}],"curies":[{"name":"wp","href":"https:\/\/api.w.org\/{rel}","templated":true}]}}